{"id":64,"date":"2023-10-04T19:40:27","date_gmt":"2023-10-04T17:40:27","guid":{"rendered":"https:\/\/faspb.com\/?page_id=64"},"modified":"2025-05-30T01:11:39","modified_gmt":"2025-05-29T23:11:39","slug":"accueil","status":"publish","type":"page","link":"https:\/\/faspb.com\/","title":{"rendered":""},"content":{"rendered":"\t\t<div data-elementor-type=\"wp-page\" data-elementor-id=\"64\" class=\"elementor elementor-64\">\n\t\t\t\t<div class=\"elementor-element elementor-element-2527195 e-flex e-con-boxed e-con e-parent\" data-id=\"2527195\" data-element_type=\"container\">\n\t\t\t\t\t<div class=\"e-con-inner\">\n\t\t\t\t<div class=\"elementor-element elementor-element-3c1991d elementor-widget elementor-widget-heading\" data-id=\"3c1991d\" data-element_type=\"widget\" data-widget_type=\"heading.default\">\n\t\t\t\t<div class=\"elementor-widget-container\">\n\t\t\t\t\t<h2 class=\"elementor-heading-title elementor-size-default\"><a href=\"https:\/\/faspb.com\/index.php\/2024\/01\/08\/assembleegenerale-ordinairede-la-faspb\/\">ASSEMBL\u00c9EG\u00c9N\u00c9RALE ORDINAIREDE LA FASPB<\/a><\/h2>\t\t\t\t<\/div>\n\t\t\t\t<\/div>\n\t\t\t\t\t<\/div>\n\t\t\t\t<\/div>\n\t\t<div class=\"elementor-element elementor-element-79fec26 e-flex e-con-boxed e-con e-parent\" data-id=\"79fec26\" data-element_type=\"container\">\n\t\t\t\t\t<div class=\"e-con-inner\">\n\t\t\t\t<div class=\"elementor-element elementor-element-127ef54 elementor-widget elementor-widget-image\" data-id=\"127ef54\" data-element_type=\"widget\" data-widget_type=\"image.default\">\n\t\t\t\t<div class=\"elementor-widget-container\">\n\t\t\t\t\t\t\t\t\t\t\t\t\t\t\t<img fetchpriority=\"high\" decoding=\"async\" width=\"800\" height=\"451\" src=\"https:\/\/faspb.com\/wp-content\/uploads\/2024\/01\/Assemblee-Generale-Ordinaire-FASPB-02-12-2023-Dr-HIEN-1-1024x577.jpg\" class=\"attachment-large size-large wp-image-393\" alt=\"\" srcset=\"https:\/\/faspb.com\/wp-content\/uploads\/2024\/01\/Assemblee-Generale-Ordinaire-FASPB-02-12-2023-Dr-HIEN-1-1024x577.jpg 1024w, https:\/\/faspb.com\/wp-content\/uploads\/2024\/01\/Assemblee-Generale-Ordinaire-FASPB-02-12-2023-Dr-HIEN-1-300x169.jpg 300w, https:\/\/faspb.com\/wp-content\/uploads\/2024\/01\/Assemblee-Generale-Ordinaire-FASPB-02-12-2023-Dr-HIEN-1-768x432.jpg 768w, https:\/\/faspb.com\/wp-content\/uploads\/2024\/01\/Assemblee-Generale-Ordinaire-FASPB-02-12-2023-Dr-HIEN-1-1536x865.jpg 1536w, https:\/\/faspb.com\/wp-content\/uploads\/2024\/01\/Assemblee-Generale-Ordinaire-FASPB-02-12-2023-Dr-HIEN-1-2048x1153.jpg 2048w, https:\/\/faspb.com\/wp-content\/uploads\/2024\/01\/Assemblee-Generale-Ordinaire-FASPB-02-12-2023-Dr-HIEN-1-200x113.jpg 200w\" sizes=\"(max-width: 800px) 100vw, 800px\" \/>\t\t\t\t\t\t\t\t\t\t\t\t\t\t\t<\/div>\n\t\t\t\t<\/div>\n\t\t\t\t\t<\/div>\n\t\t\t\t<\/div>\n\t\t<div class=\"elementor-element elementor-element-11ffe9c e-flex e-con-boxed e-con e-parent\" data-id=\"11ffe9c\" data-element_type=\"container\">\n\t\t\t\t\t<div class=\"e-con-inner\">\n\t\t<div class=\"elementor-element elementor-element-3578589 e-con-full e-flex e-con e-child\" data-id=\"3578589\" data-element_type=\"container\">\n\t\t\t\t<div class=\"elementor-element elementor-element-92db00d elementor-invisible elementor-widget elementor-widget-image\" data-id=\"92db00d\" data-element_type=\"widget\" data-settings=\"{&quot;_animation&quot;:&quot;zoomInDown&quot;}\" data-widget_type=\"image.default\">\n\t\t\t\t<div class=\"elementor-widget-container\">\n\t\t\t\t\t\t\t\t\t\t\t\t\t\t\t<img decoding=\"async\" width=\"800\" height=\"534\" src=\"https:\/\/faspb.com\/wp-content\/uploads\/2023\/10\/magnifying-glass-enlarging-word-1024x683.jpg\" class=\"attachment-large size-large wp-image-245\" alt=\"\" srcset=\"https:\/\/faspb.com\/wp-content\/uploads\/2023\/10\/magnifying-glass-enlarging-word-1024x683.jpg 1024w, https:\/\/faspb.com\/wp-content\/uploads\/2023\/10\/magnifying-glass-enlarging-word-300x200.jpg 300w, https:\/\/faspb.com\/wp-content\/uploads\/2023\/10\/magnifying-glass-enlarging-word-768x512.jpg 768w, https:\/\/faspb.com\/wp-content\/uploads\/2023\/10\/magnifying-glass-enlarging-word-1536x1024.jpg 1536w, https:\/\/faspb.com\/wp-content\/uploads\/2023\/10\/magnifying-glass-enlarging-word-2048x1365.jpg 2048w\" sizes=\"(max-width: 800px) 100vw, 800px\" \/>\t\t\t\t\t\t\t\t\t\t\t\t\t\t\t<\/div>\n\t\t\t\t<\/div>\n\t\t\t\t<\/div>\n\t\t<div class=\"elementor-element elementor-element-996efd7 e-con-full e-flex e-con e-child\" data-id=\"996efd7\" data-element_type=\"container\">\n\t\t<div class=\"elementor-element elementor-element-ee13c68 e-flex e-con-boxed e-con e-child\" data-id=\"ee13c68\" data-element_type=\"container\">\n\t\t\t\t\t<div class=\"e-con-inner\">\n\t\t\t\t<div class=\"elementor-element elementor-element-b188032 elementor-invisible elementor-widget elementor-widget-heading\" data-id=\"b188032\" data-element_type=\"widget\" data-settings=\"{&quot;_animation&quot;:&quot;zoomInDown&quot;}\" data-widget_type=\"heading.default\">\n\t\t\t\t<div class=\"elementor-widget-container\">\n\t\t\t\t\t<h2 class=\"elementor-heading-title elementor-size-default\"><a href=\"https:\/\/faspb.com\/index.php\/qui-sommes-nous\/\">Vision<\/a><\/h2>\t\t\t\t<\/div>\n\t\t\t\t<\/div>\n\t\t\t\t<div class=\"elementor-element elementor-element-cda7bd0 elementor-invisible elementor-widget elementor-widget-text-editor\" data-id=\"cda7bd0\" data-element_type=\"widget\" data-settings=\"{&quot;_animation&quot;:&quot;zoomInDown&quot;}\" data-widget_type=\"text-editor.default\">\n\t\t\t\t<div class=\"elementor-widget-container\">\n\t\t\t\t\t\t\t\t\t<p>Construire un secteur priv\u00e9 de sant\u00e9 grand, fort, fiable, innovant, transformationnel, efficace, efficient et durable.<\/p>\t\t\t\t\t\t\t\t<\/div>\n\t\t\t\t<\/div>\n\t\t\t\t\t<\/div>\n\t\t\t\t<\/div>\n\t\t\t\t<\/div>\n\t\t\t\t\t<\/div>\n\t\t\t\t<\/div>\n\t\t<div class=\"elementor-element elementor-element-48e94b0 e-flex e-con-boxed e-con e-parent\" data-id=\"48e94b0\" data-element_type=\"container\">\n\t\t\t\t\t<div class=\"e-con-inner\">\n\t\t<div class=\"elementor-element elementor-element-1df6325 e-con-full e-flex e-con e-child\" data-id=\"1df6325\" data-element_type=\"container\">\n\t\t\t\t<div class=\"elementor-element elementor-element-a5890cc elementor-invisible elementor-widget elementor-widget-image\" data-id=\"a5890cc\" data-element_type=\"widget\" data-settings=\"{&quot;_animation&quot;:&quot;slideInDown&quot;}\" data-widget_type=\"image.default\">\n\t\t\t\t<div class=\"elementor-widget-container\">\n\t\t\t\t\t\t\t\t\t\t\t\t\t\t\t<img decoding=\"async\" width=\"800\" height=\"538\" src=\"https:\/\/faspb.com\/wp-content\/uploads\/2023\/10\/marketing-concept-with-mission-word-flat-lay-1024x688.jpg\" class=\"attachment-large size-large wp-image-247\" alt=\"\" srcset=\"https:\/\/faspb.com\/wp-content\/uploads\/2023\/10\/marketing-concept-with-mission-word-flat-lay-1024x688.jpg 1024w, https:\/\/faspb.com\/wp-content\/uploads\/2023\/10\/marketing-concept-with-mission-word-flat-lay-300x202.jpg 300w, https:\/\/faspb.com\/wp-content\/uploads\/2023\/10\/marketing-concept-with-mission-word-flat-lay-768x516.jpg 768w, https:\/\/faspb.com\/wp-content\/uploads\/2023\/10\/marketing-concept-with-mission-word-flat-lay-1536x1032.jpg 1536w, https:\/\/faspb.com\/wp-content\/uploads\/2023\/10\/marketing-concept-with-mission-word-flat-lay-2048x1377.jpg 2048w\" sizes=\"(max-width: 800px) 100vw, 800px\" \/>\t\t\t\t\t\t\t\t\t\t\t\t\t\t\t<\/div>\n\t\t\t\t<\/div>\n\t\t\t\t<\/div>\n\t\t<div class=\"elementor-element elementor-element-430ec62 e-con-full e-flex e-con e-child\" data-id=\"430ec62\" data-element_type=\"container\">\n\t\t<div class=\"elementor-element elementor-element-5543341 e-flex e-con-boxed e-con e-child\" data-id=\"5543341\" data-element_type=\"container\">\n\t\t\t\t\t<div class=\"e-con-inner\">\n\t\t\t\t<div class=\"elementor-element elementor-element-751e9b1 elementor-invisible elementor-widget elementor-widget-heading\" data-id=\"751e9b1\" data-element_type=\"widget\" data-settings=\"{&quot;_animation&quot;:&quot;slideInDown&quot;}\" data-widget_type=\"heading.default\">\n\t\t\t\t<div class=\"elementor-widget-container\">\n\t\t\t\t\t<h2 class=\"elementor-heading-title elementor-size-default\"><a href=\"https:\/\/faspb.com\/index.php\/qui-sommes-nous\/\">Mission<\/a><\/h2>\t\t\t\t<\/div>\n\t\t\t\t<\/div>\n\t\t\t\t\t<\/div>\n\t\t\t\t<\/div>\n\t\t<div class=\"elementor-element elementor-element-b0e5274 e-flex e-con-boxed e-con e-child\" data-id=\"b0e5274\" data-element_type=\"container\">\n\t\t\t\t\t<div class=\"e-con-inner\">\n\t\t\t\t<div class=\"elementor-element elementor-element-a21d3b6 elementor-invisible elementor-widget elementor-widget-text-editor\" data-id=\"a21d3b6\" data-element_type=\"widget\" data-settings=\"{&quot;_animation&quot;:&quot;slideInDown&quot;}\" data-widget_type=\"text-editor.default\">\n\t\t\t\t<div class=\"elementor-widget-container\">\n\t\t\t\t\t\t\t\t\t<p><span style=\"color: #3f3f46; font-family: 'Open Sans', serif; font-size: 14px; font-style: normal; font-variant-ligatures: normal; font-variant-caps: normal; font-weight: 400;\">Contribuer au d\u00e9veloppement sanitaire et socio-\u00e9conomique du Burkina Faso, en se constituant l\u2019interlocuteur unique dans le secteur priv\u00e9 de la sant\u00e9, et en offrant des prestations de soins de qualit\u00e9, s\u00e9curis\u00e9 en mati\u00e8re de pr\u00e9vention, de soins curatifs et palliatifs, sous l\u2019angle du PPP et ce, dans la dynamique de la couverture sanitaire universelle.<\/span><\/p>\t\t\t\t\t\t\t\t<\/div>\n\t\t\t\t<\/div>\n\t\t\t\t\t<\/div>\n\t\t\t\t<\/div>\n\t\t\t\t<\/div>\n\t\t\t\t\t<\/div>\n\t\t\t\t<\/div>\n\t\t<div class=\"elementor-element elementor-element-f3010ef e-con-full e-flex e-con e-parent\" data-id=\"f3010ef\" data-element_type=\"container\">\n\t\t<div class=\"elementor-element elementor-element-9a5c20b e-con-full e-flex e-con e-child\" data-id=\"9a5c20b\" data-element_type=\"container\">\n\t\t\t\t<div class=\"elementor-element elementor-element-0fa75e7 elementor-invisible elementor-widget elementor-widget-image\" data-id=\"0fa75e7\" data-element_type=\"widget\" data-settings=\"{&quot;_animation&quot;:&quot;zoomInRight&quot;}\" data-widget_type=\"image.default\">\n\t\t\t\t<div class=\"elementor-widget-container\">\n\t\t\t\t\t\t\t\t\t\t\t\t\t\t\t<img loading=\"lazy\" decoding=\"async\" width=\"800\" height=\"800\" src=\"https:\/\/faspb.com\/wp-content\/uploads\/2023\/10\/goals_target_glyph_style-1024x1024.jpg\" class=\"attachment-large size-large wp-image-246\" alt=\"\" srcset=\"https:\/\/faspb.com\/wp-content\/uploads\/2023\/10\/goals_target_glyph_style-1024x1024.jpg 1024w, https:\/\/faspb.com\/wp-content\/uploads\/2023\/10\/goals_target_glyph_style-300x300.jpg 300w, https:\/\/faspb.com\/wp-content\/uploads\/2023\/10\/goals_target_glyph_style-150x150.jpg 150w, https:\/\/faspb.com\/wp-content\/uploads\/2023\/10\/goals_target_glyph_style-768x768.jpg 768w, https:\/\/faspb.com\/wp-content\/uploads\/2023\/10\/goals_target_glyph_style-1536x1536.jpg 1536w, https:\/\/faspb.com\/wp-content\/uploads\/2023\/10\/goals_target_glyph_style-2048x2048.jpg 2048w\" sizes=\"(max-width: 800px) 100vw, 800px\" \/>\t\t\t\t\t\t\t\t\t\t\t\t\t\t\t<\/div>\n\t\t\t\t<\/div>\n\t\t\t\t<\/div>\n\t\t<div class=\"elementor-element elementor-element-b60cf5b e-con-full e-flex e-con e-child\" data-id=\"b60cf5b\" data-element_type=\"container\">\n\t\t<div class=\"elementor-element elementor-element-81c1515 e-flex e-con-boxed e-con e-child\" data-id=\"81c1515\" data-element_type=\"container\">\n\t\t\t\t\t<div class=\"e-con-inner\">\n\t\t\t\t<div class=\"elementor-element elementor-element-4699830 elementor-invisible elementor-widget elementor-widget-heading\" data-id=\"4699830\" data-element_type=\"widget\" data-settings=\"{&quot;_animation&quot;:&quot;zoomInRight&quot;}\" data-widget_type=\"heading.default\">\n\t\t\t\t<div class=\"elementor-widget-container\">\n\t\t\t\t\t<h2 class=\"elementor-heading-title elementor-size-default\"><a href=\"https:\/\/faspb.com\/index.php\/qui-sommes-nous\/\">Objectif <\/a><\/h2>\t\t\t\t<\/div>\n\t\t\t\t<\/div>\n\t\t\t\t\t<\/div>\n\t\t\t\t<\/div>\n\t\t<div class=\"elementor-element elementor-element-460660e e-flex e-con-boxed e-con e-child\" data-id=\"460660e\" data-element_type=\"container\">\n\t\t\t\t\t<div class=\"e-con-inner\">\n\t\t\t\t<div class=\"elementor-element elementor-element-10ffbe6 elementor-invisible elementor-widget elementor-widget-text-editor\" data-id=\"10ffbe6\" data-element_type=\"widget\" data-settings=\"{&quot;_animation&quot;:&quot;fadeInRight&quot;}\" data-widget_type=\"text-editor.default\">\n\t\t\t\t<div class=\"elementor-widget-container\">\n\t\t\t\t\t\t\t\t\t<p>L\u2019objectif g\u00e9n\u00e9ral est de promouvoir et d\u2019\u0153uvrer au d\u00e9veloppement du secteur priv\u00e9 de sant\u00e9 au Burkina Faso. Les objectifs sp\u00e9cifiques sont :<\/p><p>\u2013 Promouvoir les int\u00e9r\u00eats mat\u00e9riels et moraux de ses membres dans le strict respect de la d\u00e9ontologie et de l\u2019\u00e9thique m\u00e9dicale ;<\/p><p>\u2013 Entretenir l\u2019esprit de solidarit\u00e9, de confraternit\u00e9 et d\u2019entraide entre ses membres ;<\/p>\t\t\t\t\t\t\t\t<\/div>\n\t\t\t\t<\/div>\n\t\t\t\t\t<\/div>\n\t\t\t\t<\/div>\n\t\t\t\t<\/div>\n\t\t\t\t<\/div>\n\t\t<div class=\"elementor-element elementor-element-05e10d0 e-flex e-con-boxed e-con e-parent\" data-id=\"05e10d0\" data-element_type=\"container\">\n\t\t\t\t\t<div class=\"e-con-inner\">\n\t\t\t\t<div class=\"elementor-element elementor-element-162e5a8 elementor-invisible elementor-widget elementor-widget-heading\" data-id=\"162e5a8\" data-element_type=\"widget\" data-settings=\"{&quot;_animation&quot;:&quot;zoomIn&quot;}\" data-widget_type=\"heading.default\">\n\t\t\t\t<div class=\"elementor-widget-container\">\n\t\t\t\t\t<h1 class=\"elementor-heading-title elementor-size-default\"><a href=\"https:\/\/faspb.com\/index.php\/actualite\/\">ACTUALITE<\/a><\/h1>\t\t\t\t<\/div>\n\t\t\t\t<\/div>\n\t\t\t\t\t<\/div>\n\t\t\t\t<\/div>\n\t\t<div class=\"elementor-element elementor-element-1a5e728 e-grid e-con-boxed e-con e-parent\" data-id=\"1a5e728\" data-element_type=\"container\">\n\t\t\t\t\t<div class=\"e-con-inner\">\n\t\t\t\t<div class=\"elementor-element elementor-element-ea0fb6d elementor-widget elementor-widget-image\" data-id=\"ea0fb6d\" data-element_type=\"widget\" data-widget_type=\"image.default\">\n\t\t\t\t<div class=\"elementor-widget-container\">\n\t\t\t\t\t\t\t\t\t\t\t\t\t\t\t<img loading=\"lazy\" decoding=\"async\" width=\"800\" height=\"602\" src=\"https:\/\/faspb.com\/wp-content\/uploads\/2025\/05\/WhatsApp-Image-2025-05-21-at-15.00.05.jpeg\" class=\"attachment-large size-large wp-image-463\" alt=\"\" srcset=\"https:\/\/faspb.com\/wp-content\/uploads\/2025\/05\/WhatsApp-Image-2025-05-21-at-15.00.05.jpeg 1020w, https:\/\/faspb.com\/wp-content\/uploads\/2025\/05\/WhatsApp-Image-2025-05-21-at-15.00.05-300x226.jpeg 300w, https:\/\/faspb.com\/wp-content\/uploads\/2025\/05\/WhatsApp-Image-2025-05-21-at-15.00.05-768x578.jpeg 768w, https:\/\/faspb.com\/wp-content\/uploads\/2025\/05\/WhatsApp-Image-2025-05-21-at-15.00.05-200x151.jpeg 200w\" sizes=\"(max-width: 800px) 100vw, 800px\" \/>\t\t\t\t\t\t\t\t\t\t\t\t\t\t\t<\/div>\n\t\t\t\t<\/div>\n\t\t\t\t<div class=\"elementor-element elementor-element-3b362d1 elementor-widget elementor-widget-heading\" data-id=\"3b362d1\" data-element_type=\"widget\" data-widget_type=\"heading.default\">\n\t\t\t\t<div class=\"elementor-widget-container\">\n\t\t\t\t\t<h2 class=\"elementor-heading-title elementor-size-default\"><a href=\"https:\/\/faspb.com\/index.php\/2025\/05\/21\/la-faspb-a-kaya-dans-la-region-du-centre-nord-du-18-au-19-mai-2025-pour-un-atelier-de-mise-en-place-de-la-section-regionale\/\"><h1 class=\"cm-entry-title\" style=\"font-size: 3.2rem;font-style: normal\">La FASPB a Kaya, dans la r\u00e9gion du centre nord du 18 au 19 mai 2025 pour un atelier de mise en place de la section r\u00e9gionale<\/h1><p style=\", serif;font-style: normal;font-weight: 400\">Une d\u00e9l\u00e9gation de la FASPB s\u2019est rendue dans la ville de Kaya, dans la r\u00e9gion du Centre Nord du 18 au 19 mai 2025 pour un atelier de mise en place de la section r\u00e9gionale de la FASPB Centre Nord.<br>Cette rencontre est ouverte par le Directeur R\u00e9gional de la Sante de cette R\u00e9gion qui a soulign\u00e9 l\u2019importance de cette rencontre car permettant de passer l\u2019information exact sur la r\u00e8glementation et le travailler ensemble entre le syst\u00e8me de sant\u00e9 public et priv\u00e9.<\/p><span style=\", serif;font-size: 1.4rem;font-style: normal;font-weight: 400\">Les pr\u00e9sentations ont d\u00e9but\u00e9 avec celle du Dr Alain D. Hien Pr\u00e9sident de La F\u00e9d\u00e9ration des Acteurs du Secteur Priv\u00e9 de sant\u00e9 du Burkina Faso \u00ab FASPB \u00bb qui parla en fond et comble du secteur priv\u00e9 de sant\u00e9.<\/span><\/a><\/h2>\t\t\t\t<\/div>\n\t\t\t\t<\/div>\n\t\t\t\t\t<\/div>\n\t\t\t\t<\/div>\n\t\t<div class=\"elementor-element elementor-element-a8c6450 e-con-full e-flex e-con e-parent\" data-id=\"a8c6450\" data-element_type=\"container\" data-settings=\"{&quot;background_background&quot;:&quot;classic&quot;}\">\n\t\t<div class=\"elementor-element elementor-element-02dff29 e-con-full e-flex e-con e-child\" data-id=\"02dff29\" data-element_type=\"container\">\n\t\t\t\t<div class=\"elementor-element elementor-element-3e909cf elementor-invisible elementor-widget elementor-widget-text-editor\" data-id=\"3e909cf\" data-element_type=\"widget\" data-settings=\"{&quot;_animation&quot;:&quot;bounceIn&quot;}\" data-widget_type=\"text-editor.default\">\n\t\t\t\t<div class=\"elementor-widget-container\">\n\t\t\t\t\t\t\t\t\t<p><img loading=\"lazy\" decoding=\"async\" class=\"alignnone wp-image-452 size-medium\" src=\"http:\/\/faspb.com\/wp-content\/uploads\/2025\/05\/WhatsApp-Image-2025-05-19-at-13.34.44-2-300x200.jpeg\" alt=\"\" width=\"300\" height=\"200\" srcset=\"https:\/\/faspb.com\/wp-content\/uploads\/2025\/05\/WhatsApp-Image-2025-05-19-at-13.34.44-2-300x200.jpeg 300w, https:\/\/faspb.com\/wp-content\/uploads\/2025\/05\/WhatsApp-Image-2025-05-19-at-13.34.44-2-1024x684.jpeg 1024w, https:\/\/faspb.com\/wp-content\/uploads\/2025\/05\/WhatsApp-Image-2025-05-19-at-13.34.44-2-768x513.jpeg 768w, https:\/\/faspb.com\/wp-content\/uploads\/2025\/05\/WhatsApp-Image-2025-05-19-at-13.34.44-2-200x134.jpeg 200w, https:\/\/faspb.com\/wp-content\/uploads\/2025\/05\/WhatsApp-Image-2025-05-19-at-13.34.44-2.jpeg 1080w\" sizes=\"(max-width: 300px) 100vw, 300px\" \/><\/p><h1 class=\"cm-entry-title\"><a href=\"https:\/\/faspb.com\/index.php\/2025\/05\/19\/burkina-sante-la-faspb-pose-ses-valises-dans-la-region-du-plateau-central\/\">Burkina\/sant\u00e9: La FASPB pose ses valises dans la r\u00e9gion du plateau central<\/a><\/h1><p style=\"box-sizing: inherit; font-variant-ligatures: normal; font-variant-caps: normal; font-family: 'Open Sans', serif; font-style: normal; font-weight: 400; color: #3f3f46;\">Apr\u00e8s l\u2019installation des diff\u00e9rentes coordinations r\u00e9gionales de la FASPB dont celle du centre ouest, du sud-ouest, des hauts bassins, du centre sud et du centre est, la FASPB a pos\u00e9 ses valises dans la r\u00e9gion du plateau central avec pour agenda l\u2019installation de la coordination r\u00e9gionale de cette localit\u00e9 les 06 et 07 Mai 2025 \u00e0 la salle de r\u00e9union du centre hospitalier de Ziniar\u00e9.<strong style=\"font-size: 16px; color: var( --e-global-color-text ); text-align: var(--text-align);\"><span style=\"box-sizing: inherit; font-variant-ligatures: normal; font-variant-caps: normal; font-family: 'Open Sans', serif; font-size: 14px; font-style: normal; color: #3f3f46;\"><a href=\"https:\/\/faspb.com\/index.php\/2025\/05\/19\/burkina-sante-la-faspb-pose-ses-valises-dans-la-region-du-plateau-central\/\">Read More\u00a0<\/a><\/span><\/strong><\/p><p class=\"cm-entry-title\">\u00a0<\/p>\t\t\t\t\t\t\t\t<\/div>\n\t\t\t\t<\/div>\n\t\t\t\t<\/div>\n\t\t<div class=\"elementor-element elementor-element-09255f4 e-con-full e-flex e-con e-child\" data-id=\"09255f4\" data-element_type=\"container\">\n\t\t<div class=\"elementor-element elementor-element-a553eb5 e-flex e-con-boxed e-con e-child\" data-id=\"a553eb5\" data-element_type=\"container\">\n\t\t\t\t\t<div class=\"e-con-inner\">\n\t\t\t\t<div class=\"elementor-element elementor-element-d62d624 elementor-invisible elementor-widget elementor-widget-text-editor\" data-id=\"d62d624\" data-element_type=\"widget\" data-settings=\"{&quot;_animation&quot;:&quot;bounceIn&quot;}\" data-widget_type=\"text-editor.default\">\n\t\t\t\t<div class=\"elementor-widget-container\">\n\t\t\t\t\t\t\t\t\t<p class=\"cm-entry-title\"><a href=\"https:\/\/faspb.com\/index.php\/2023\/10\/04\/sous-secteur-de-la-sante-privee-au-burkina-un-cadre-federateur-mis-en-place\/\"><img loading=\"lazy\" decoding=\"async\" class=\"wp-image-135 aligncenter\" src=\"http:\/\/faspb.com\/wp-content\/uploads\/2023\/10\/1-300x170.jpg\" alt=\"\" width=\"242\" height=\"137\" srcset=\"https:\/\/faspb.com\/wp-content\/uploads\/2023\/10\/1-300x170.jpg 300w, https:\/\/faspb.com\/wp-content\/uploads\/2023\/10\/1.jpg 480w\" sizes=\"(max-width: 242px) 100vw, 242px\" \/><\/a><\/p><h1 class=\"cm-entry-title\"><a href=\"https:\/\/faspb.com\/index.php\/2025\/05\/30\/la-fasp-a-ouahigouya-dans-la-region-du-nord-du-20-au-21-mai-2025-pour-un-atelier-de-mise-en-place-de-la-section-regionale-de-la-faspb-nord\/\">La FASP \u00e0 Ouahigouya, dans la r\u00e9gion du nord du 20 au 21 mai 2025 pour un atelier de mise en place de la section r\u00e9gionale de la FASPB nord.<\/a><\/h1><p>OUAHIGOUYA, DANS LA R\u00c9GION DU NORD DU 20 AU 21 MAI 2025<br \/>POUR UN ATELIER DE MISE EN PLACE DE LA SECTION R\u00c9GIONALE<br \/>DE LA FASPB NORD.<a href=\"https:\/\/faspb.com\/index.php\/2025\/05\/30\/la-fasp-a-ouahigouya-dans-la-region-du-nord-du-20-au-21-mai-2025-pour-un-atelier-de-mise-en-place-de-la-section-regionale-de-la-faspb-nord\/\">Read More<\/a><\/p>\t\t\t\t\t\t\t\t<\/div>\n\t\t\t\t<\/div>\n\t\t\t\t\t<\/div>\n\t\t\t\t<\/div>\n\t\t<div class=\"elementor-element elementor-element-6bf4238 e-flex e-con-boxed e-con e-child\" data-id=\"6bf4238\" data-element_type=\"container\">\n\t\t\t\t\t<div class=\"e-con-inner\">\n\t\t\t\t<div class=\"elementor-element elementor-element-725321d elementor-invisible elementor-widget elementor-widget-text-editor\" data-id=\"725321d\" data-element_type=\"widget\" data-settings=\"{&quot;_animation&quot;:&quot;bounceIn&quot;}\" data-widget_type=\"text-editor.default\">\n\t\t\t\t<div class=\"elementor-widget-container\">\n\t\t\t\t\t\t\t\t\t<p class=\"cm-entry-title\"><a href=\"https:\/\/faspb.com\/index.php\/2023\/10\/02\/intervention-des-agents-publics-de-sante-dans-le-prive-le-ministre-harmonise-sa-demarche\/\">Intervention des agents publics de sant\u00e9 dans le priv\u00e9 le ministre harmonise sa d\u00e9marche<\/a><\/p><p class=\"cm-entry-title\">\u00a0<\/p>\t\t\t\t\t\t\t\t<\/div>\n\t\t\t\t<\/div>\n\t\t\t\t<div class=\"elementor-element elementor-element-68813f0 elementor-widget elementor-widget-video\" data-id=\"68813f0\" data-element_type=\"widget\" data-settings=\"{&quot;youtube_url&quot;:&quot;https:\\\/\\\/youtu.be\\\/TbXnbD2Wdt4&quot;,&quot;video_type&quot;:&quot;youtube&quot;,&quot;controls&quot;:&quot;yes&quot;}\" data-widget_type=\"video.default\">\n\t\t\t\t<div class=\"elementor-widget-container\">\n\t\t\t\t\t\t\t<div class=\"elementor-wrapper elementor-open-inline\">\n\t\t\t<div class=\"elementor-video\"><\/div>\t\t<\/div>\n\t\t\t\t\t\t<\/div>\n\t\t\t\t<\/div>\n\t\t\t\t\t<\/div>\n\t\t\t\t<\/div>\n\t\t\t\t<\/div>\n\t\t\t\t<\/div>\n\t\t<div class=\"elementor-element elementor-element-7623937 e-flex e-con-boxed e-con e-parent\" data-id=\"7623937\" data-element_type=\"container\">\n\t\t\t\t\t<div class=\"e-con-inner\">\n\t\t\t\t<div class=\"elementor-element elementor-element-8a58e8f elementor-invisible elementor-widget elementor-widget-heading\" data-id=\"8a58e8f\" data-element_type=\"widget\" data-settings=\"{&quot;_animation&quot;:&quot;zoomIn&quot;}\" data-widget_type=\"heading.default\">\n\t\t\t\t<div class=\"elementor-widget-container\">\n\t\t\t\t\t<h1 class=\"elementor-heading-title elementor-size-default\"><a href=\"https:\/\/faspb.com\/index.php\/actualite\/\">MEDIATHEQUE<\/a><\/h1>\t\t\t\t<\/div>\n\t\t\t\t<\/div>\n\t\t\t\t\t<\/div>\n\t\t\t\t<\/div>\n\t\t<div class=\"elementor-element elementor-element-360cbc0 e-flex e-con-boxed e-con e-parent\" data-id=\"360cbc0\" data-element_type=\"container\">\n\t\t\t\t\t<div class=\"e-con-inner\">\n\t\t\t\t<div class=\"elementor-element elementor-element-79e4276 elementor-widget elementor-widget-shortcode\" data-id=\"79e4276\" data-element_type=\"widget\" data-widget_type=\"shortcode.default\">\n\t\t\t\t<div class=\"elementor-widget-container\">\n\t\t\t\t\t\t\t<div class=\"elementor-shortcode\">[depicter id=\"19\"]<\/div>\n\t\t\t\t\t\t<\/div>\n\t\t\t\t<\/div>\n\t\t\t\t\t<\/div>\n\t\t\t\t<\/div>\n\t\t<div class=\"elementor-element elementor-element-69d6700 e-flex e-con-boxed e-con e-parent\" data-id=\"69d6700\" data-element_type=\"container\">\n\t\t\t\t\t<div class=\"e-con-inner\">\n\t\t\t\t\t<\/div>\n\t\t\t\t<\/div>\n\t\t\t\t<\/div>\n\t\t","protected":false},"excerpt":{"rendered":"<p>ASSEMBL\u00c9EG\u00c9N\u00c9RALE ORDINAIREDE LA FASPB Vision Construire un secteur priv\u00e9 de sant\u00e9 grand, fort, fiable, innovant, transformationnel, efficace, efficient et durable.<\/p>\n","protected":false},"author":1,"featured_media":0,"parent":0,"menu_order":0,"comment_status":"closed","ping_status":"closed","template":"","meta":{"colormag_page_layout":"default_layout","om_disable_all_campaigns":false,"_eb_attr":"","footnotes":""},"class_list":["post-64","page","type-page","status-publish","hentry"],"aioseo_notices":[],"_links":{"self":[{"href":"https:\/\/faspb.com\/index.php\/wp-json\/wp\/v2\/pages\/64","targetHints":{"allow":["GET"]}}],"collection":[{"href":"https:\/\/faspb.com\/index.php\/wp-json\/wp\/v2\/pages"}],"about":[{"href":"https:\/\/faspb.com\/index.php\/wp-json\/wp\/v2\/types\/page"}],"author":[{"embeddable":true,"href":"https:\/\/faspb.com\/index.php\/wp-json\/wp\/v2\/users\/1"}],"replies":[{"embeddable":true,"href":"https:\/\/faspb.com\/index.php\/wp-json\/wp\/v2\/comments?post=64"}],"version-history":[{"count":137,"href":"https:\/\/faspb.com\/index.php\/wp-json\/wp\/v2\/pages\/64\/revisions"}],"predecessor-version":[{"id":483,"href":"https:\/\/faspb.com\/index.php\/wp-json\/wp\/v2\/pages\/64\/revisions\/483"}],"wp:attachment":[{"href":"https:\/\/faspb.com\/index.php\/wp-json\/wp\/v2\/media?parent=64"}],"curies":[{"name":"wp","href":"https:\/\/api.w.org\/{rel}","templated":true}]}}