{"id":32,"date":"2023-10-04T19:15:09","date_gmt":"2023-10-04T17:15:09","guid":{"rendered":"https:\/\/faspb.com\/?page_id=32"},"modified":"2023-10-16T20:41:36","modified_gmt":"2023-10-16T18:41:36","slug":"etre-membre","status":"publish","type":"page","link":"https:\/\/faspb.com\/index.php\/etre-membre\/","title":{"rendered":"ETRE MEMBRE"},"content":{"rendered":"\n<p class=\"has-text-align-center has-black-color has-pale-cyan-blue-background-color has-text-color has-background has-medium-font-size\"><strong>L\u2019ADHESION A LA FASPB<\/strong><\/p>\n\n\n\n<p>L\u2019adh\u00e9sion \u00e0 la FASPB est libre, volontaire et n\u2019est effective qu\u2019apr\u00e8s une inscription. Elle se fait sous forme individuelle ou sous forme associative. Les acteurs d\u2019un m\u00eame secteur d\u2019activit\u00e9 ou ayant le m\u00eame acte de naissance sont organis\u00e9s en association professionnelle reconnue par le MATDS.<\/p>\n\n\n\n<p class=\"has-text-align-center has-black-color has-pale-cyan-blue-background-color has-text-color has-background has-medium-font-size\"><strong>Les conditions d\u2019adh\u00e9sion \u00e0 la FASPB<\/strong><\/p>\n\n\n\n<p>Les conditions d\u2019adh\u00e9sion sont&nbsp;:<\/p>\n\n\n\n<p>&#8211;<\/p>\n\n\n\n<p>&#8211;<\/p>\n\n\n\n<p>&#8211;<\/p>\n\n\n\n<p>&#8211;<\/p>\n\n\n\n<p class=\"has-text-align-center has-black-color has-pale-cyan-blue-background-color has-text-color has-background has-medium-font-size\"><strong>Membres de la FASPB reconnue avec r\u00e9c\u00e9piss\u00e9<\/strong><\/p>\n\n\n\n<p>A ce jour la FASPB compte quatorze associations professionnelles membres qui sont :<\/p>\n\n\n\n<p><strong>1. association des promoteurs des cabinets m\u00e9dicaux, des cliniques et polycliniques priv\u00e9s du Burkina Faso (APROCCLIB),<\/strong><\/p>\n\n\n\n<p><strong>2. association professionnelle des pharmaciens du secteur priv\u00e9 du Burkina Faso (APROPHARM),<\/strong><\/p>\n\n\n\n<p><strong>3. association professionnelle des responsables de cabinets de soins priv\u00e9s param\u00e9dicaux (APRCSP),<\/strong><\/p>\n\n\n\n<p><strong>4. association Burkinab\u00e8 des sage-femmes du priv\u00e9 (ABSP),<\/strong><\/p>\n\n\n\n<p><strong>5. association professionnelle des chirurgiens-dentistes du priv\u00e9 du Burkina Faso (A.Pro.De.P\/BF),<\/strong><\/p>\n\n\n\n<p><strong>6. association des structures \u00e9vang\u00e9liques de sant\u00e9 du Burkina Faso (ASES\/BF),<\/strong><\/p>\n\n\n\n<p><strong>7. association des structures sanitaires priv\u00e9es catholiques du Burkina Faso (ASPC),<\/strong><\/p>\n\n\n\n<p><strong>8. association des \u00e9tablissements sanitaires priv\u00e9s de soins confessionnels islamiques,<\/strong><\/p>\n\n\n\n<p><strong>9. association des \u00e9tablissements sanitaires priv\u00e9s de soins communautaires (AES- PSC),<\/strong><\/p>\n\n\n\n<p><strong>10. association des \u00e9coles priv\u00e9es de sant\u00e9 (AEPS)<\/strong><\/p>\n\n\n\n<p><strong>11. union nationale des \u00e9coles priv\u00e9es de sant\u00e9 du Burkina Faso (UNEPSBF)<\/strong><\/p>\n\n\n\n<p><strong>12. association professionnelle \u00ab Groupe d\u2019\u00e9tablissements de pr\u00e9parations pharmaceutiques du Burkina Faso (G- PHARM- BF)<\/strong><\/p>\n\n\n\n<p><strong>13. association orthop\u00e9dique du Faso (AOF),<\/strong><\/p>\n\n\n\n<p><strong>14. union des distributeurs des biens et produits de sant\u00e9 (UDISAN).<\/strong><\/p>\n\n\n\n<p class=\"has-text-align-center has-black-color has-pale-cyan-blue-background-color has-text-color has-background has-medium-font-size\"><strong>DOSSIER DE DEMANDE D\u2019INSRIPTION A LA FASPB<\/strong><\/p>\n\n\n\n<ol class=\"wp-block-list\" type=\"1\">\n<li class=\"has-medium-font-size\">Demande d\u2019adh\u00e9sion adress\u00e9e au pr\u00e9sident de la F\u00e9d\u00e9ration des acteurs du secteur priv\u00e9 de sant\u00e9 du Burkina Faso avec les pi\u00e8ces jointes suivantes&nbsp;:<\/li>\n\n\n\n<li class=\"has-medium-font-size\">Pour une association professionnelle<\/li>\n\n\n\n<li class=\"has-medium-font-size\">le r\u00e9c\u00e9piss\u00e9 de reconnaissance d\u00e9livr\u00e9 par le MATDS,<\/li>\n\n\n\n<li class=\"has-medium-font-size\">les statuts de l\u2019association,<\/li>\n\n\n\n<li class=\"has-medium-font-size\">le r\u00e8glement int\u00e9rieur de l\u2019association,<\/li>\n\n\n\n<li class=\"has-medium-font-size\">le PV de l\u2019assembl\u00e9e g\u00e9n\u00e9rale constitutive de l\u2019association ou de renouvellement de son r\u00e9c\u00e9piss\u00e9.<\/li>\n<\/ol>\n\n\n\n<ul class=\"wp-block-list\">\n<li class=\"has-medium-font-size\">Pour un \u00e9tablissement sanitaire<\/li>\n\n\n\n<li class=\"has-medium-font-size\">l\u2019autorisation de cr\u00e9ation de l\u2019\u00e9tablissement,<\/li>\n\n\n\n<li class=\"has-medium-font-size\">l\u2019autorisation d\u2019ouverture de l\u2019\u00e9tablissement,<\/li>\n\n\n\n<li class=\"has-medium-font-size\">le r\u00e8glement int\u00e9rieur de l\u2019\u00e9tablissement,<\/li>\n\n\n\n<li class=\"has-medium-font-size\">le statut de de l\u2019\u00e9tablissement s\u2019il y a lieu.<\/li>\n<\/ul>\n\n\n\n<ul class=\"wp-block-list\">\n<li class=\"has-medium-font-size\">Paiement des frais d\u2019adh\u00e9sion qui s\u2019\u00e9l\u00e8vent \u00e0 deux cent mille (200&nbsp;000) F CFA<\/li>\n<\/ul>\n\n\n\n<p class=\"has-medium-font-size\">NB&nbsp;: la cotisation annuelle est fix\u00e9e \u00e0 200&nbsp;000 F CFA.<\/p>\n","protected":false},"excerpt":{"rendered":"<p>L\u2019ADHESION A LA FASPB L\u2019adh\u00e9sion \u00e0 la FASPB est libre, volontaire et n\u2019est effective qu\u2019apr\u00e8s une inscription. Elle se fait<\/p>\n","protected":false},"author":1,"featured_media":0,"parent":0,"menu_order":0,"comment_status":"closed","ping_status":"closed","template":"","meta":{"colormag_page_layout":"default_layout","om_disable_all_campaigns":false,"_eb_attr":"","footnotes":""},"class_list":["post-32","page","type-page","status-publish","hentry"],"aioseo_notices":[],"_links":{"self":[{"href":"https:\/\/faspb.com\/index.php\/wp-json\/wp\/v2\/pages\/32","targetHints":{"allow":["GET"]}}],"collection":[{"href":"https:\/\/faspb.com\/index.php\/wp-json\/wp\/v2\/pages"}],"about":[{"href":"https:\/\/faspb.com\/index.php\/wp-json\/wp\/v2\/types\/page"}],"author":[{"embeddable":true,"href":"https:\/\/faspb.com\/index.php\/wp-json\/wp\/v2\/users\/1"}],"replies":[{"embeddable":true,"href":"https:\/\/faspb.com\/index.php\/wp-json\/wp\/v2\/comments?post=32"}],"version-history":[{"count":6,"href":"https:\/\/faspb.com\/index.php\/wp-json\/wp\/v2\/pages\/32\/revisions"}],"predecessor-version":[{"id":244,"href":"https:\/\/faspb.com\/index.php\/wp-json\/wp\/v2\/pages\/32\/revisions\/244"}],"wp:attachment":[{"href":"https:\/\/faspb.com\/index.php\/wp-json\/wp\/v2\/media?parent=32"}],"curies":[{"name":"wp","href":"https:\/\/api.w.org\/{rel}","templated":true}]}}