{"id":28,"date":"2023-10-04T19:14:16","date_gmt":"2023-10-04T17:14:16","guid":{"rendered":"https:\/\/faspb.com\/?page_id=28"},"modified":"2023-10-05T20:37:50","modified_gmt":"2023-10-05T18:37:50","slug":"organisation","status":"publish","type":"page","link":"https:\/\/faspb.com\/index.php\/organisation\/","title":{"rendered":"ORGANISATION"},"content":{"rendered":"\n<p class=\"has-text-align-center has-white-color has-vivid-cyan-blue-background-color has-text-color has-background\"><strong>ORGANISATION INSTITUTIONNELLE DE LA FASPB<\/strong><\/p>\n\n\n\n<p>\u2022&nbsp;&nbsp;&nbsp;&nbsp;&nbsp;&nbsp;&nbsp;&nbsp;&nbsp;&nbsp; Assembl\u00e9e G\u00e9n\u00e9rale de la FASPB<\/p>\n\n\n\n<p>\u2022&nbsp;&nbsp;&nbsp;&nbsp;&nbsp;&nbsp;&nbsp;&nbsp;&nbsp;&nbsp; Conseil d\u2019Administration (CA) de la FASPB<\/p>\n\n\n\n<p>\u2022&nbsp;&nbsp;&nbsp;&nbsp;&nbsp;&nbsp;&nbsp;&nbsp;&nbsp;&nbsp; Secr\u00e9tariat Technique de la FASPB<\/p>\n\n\n\n<p>\u2022&nbsp;&nbsp;&nbsp;&nbsp;&nbsp;&nbsp;&nbsp;&nbsp;&nbsp;&nbsp; Secr\u00e9taire Ex\u00e9cutif \/ Coordonnateur<\/p>\n\n\n\n<p>\u2022&nbsp;&nbsp;&nbsp;&nbsp;&nbsp;&nbsp;&nbsp;&nbsp;&nbsp;&nbsp; M\u00e9decin de sant\u00e9 public sp\u00e9cialiste de l\u2019information sanitaire et du partenariat<\/p>\n\n\n\n<p>\u2022&nbsp;&nbsp;&nbsp;&nbsp;&nbsp;&nbsp;&nbsp;&nbsp;&nbsp;&nbsp; Unit\u00e9 de gestion\/DAF<\/p>\n\n\n\n<p>\u2022&nbsp;&nbsp;&nbsp;&nbsp;&nbsp;&nbsp;&nbsp;&nbsp;&nbsp;&nbsp; Secr\u00e9tariat<\/p>\n\n\n\n<p>\u2022&nbsp;&nbsp;&nbsp;&nbsp;&nbsp;&nbsp;&nbsp;&nbsp;&nbsp;&nbsp; Autres profils ou besoins d\u2019Assistance Technique<\/p>\n\n\n\n<p>\u2022&nbsp;&nbsp;&nbsp;&nbsp;&nbsp;&nbsp;&nbsp;&nbsp;&nbsp;&nbsp; Les sections r\u00e9gionales,<\/p>\n\n\n\n<p>\u2022&nbsp;&nbsp;&nbsp;&nbsp;&nbsp;&nbsp;&nbsp;&nbsp;&nbsp;&nbsp; Les Commissions sp\u00e9cialis\u00e9es<\/p>\n\n\n\n<p>\u2022&nbsp;&nbsp;&nbsp;&nbsp;&nbsp;&nbsp;&nbsp;&nbsp;&nbsp;&nbsp; Le comit\u00e9 de contr\u00f4le ou commissariat au compte.<\/p>\n\n\n\n<p class=\"has-text-align-center has-black-color has-pale-cyan-blue-background-color has-text-color has-background has-medium-font-size\"><strong>Organe d\u2019administration et de gestion de la FASPB<\/strong><\/p>\n\n\n\n<p>La FASPB depuis le 17 d\u00e9cembre 2022 est dirig\u00e9e par un Conseil d\u2019Administration compos\u00e9 de :<\/p>\n\n\n\n<p>1. un Pr\u00e9sident : Dr Di\u00e9don Alain HIEN, APROCCLIB ;<\/p>\n\n\n\n<p>2. une Secr\u00e9taire G\u00e9n\u00e9ral : Mr Sibiry SOURABIE, AES-PSC ;<\/p>\n\n\n\n<p>3. une Tr\u00e9sori\u00e8re G\u00e9n\u00e9rale : Mme Esther SAWADOGO\/KAMBOU, APRCSP ;<\/p>\n\n\n\n<p>4. un Secr\u00e9taire \u00e0 l\u2019organisation, \u00e0 l\u2019information et \u00e0 la communication : Dr Idrissa<\/p>\n\n\n\n<p>KABORE association des \u00e9tablissements sanitaires priv\u00e9s de soins confessionnels islamiques ;<\/p>\n\n\n\n<p>5. une Secr\u00e9taire au genre et aux droits humains : Soeur Edwige BANDAOGO, ASPC ;<\/p>\n\n\n\n<p>6. une Secr\u00e9taire \u00e0 la formation continue : Dr Gloria Y BERGES\/DAMOALIGA, ASES.<\/p>\n\n\n\n<p>La FASPB dispose d\u2019un Secr\u00e9tariat Technique fonctionnel depuis le 01 Septembre 2022<\/p>\n\n\n\n<p class=\"has-text-align-center has-black-color has-pale-cyan-blue-background-color has-text-color has-background has-medium-font-size\"><strong>Les membres de la FASPB<\/strong><\/p>\n\n\n\n<p>Peut \u00eatre membre de la FASPB tout acteur du secteur priv\u00e9 de sant\u00e9, sans distinction de nationalit\u00e9, de race, de sexe, de religion qui en exprime le d\u00e9sir et s\u2019engage \u00e0 respecter les statuts et r\u00e8glement int\u00e9rieur de la F\u00e9d\u00e9ration.<\/p>\n\n\n\n<p>Les acteurs du secteur priv\u00e9 de sant\u00e9 sont :<\/p>\n\n\n\n<ul class=\"wp-block-list\">\n<li>Les acteurs de soins et de services,<\/li>\n\n\n\n<li>Les producteurs de ressources humaines de sant\u00e9,<\/li>\n\n\n\n<li>Les distributeurs de biens de sant\u00e9,<\/li>\n\n\n\n<li>Les maintenanciers biom\u00e9dicaux,<\/li>\n\n\n\n<li>Les communicateurs en sant\u00e9,<\/li>\n\n\n\n<li>Les financiers en sant\u00e9,<\/li>\n\n\n\n<li>Les logisticiens en sant\u00e9 organis\u00e9s et reconnus par les textes en vigueur au Burkina Faso.<\/li>\n<\/ul>\n\n\n\n<p>La FASPB comprend deux cat\u00e9gories de membres :<\/p>\n\n\n\n<p class=\"has-text-align-center has-black-color has-pale-cyan-blue-background-color has-text-color has-background has-medium-font-size\"><strong>Les membres actifs<\/strong><\/p>\n\n\n\n<ul class=\"wp-block-list\">\n<li>Les membres actifs sont ceux r\u00e9guli\u00e8rement admis, \u00e0 jour de leurs cotisations annuelles et qui s\u2019investissent quotidiennement dans la r\u00e9alisation des activit\u00e9s de la f\u00e9d\u00e9ration ;<\/li>\n<\/ul>\n\n\n\n<p class=\"has-text-align-center has-black-color has-pale-cyan-blue-background-color has-text-color has-background has-medium-font-size\"><strong>Les membres d\u2019honneur.<\/strong><\/p>\n\n\n\n<ul class=\"wp-block-list\">\n<li>Les membres d\u2019honneur sont toutes personnes physiques ou morales qui manifestent un int\u00e9r\u00eat particulier \u00e0 l\u2019association en contribuant moralement, mat\u00e9riellement et financi\u00e8rement \u00e0 l\u2019atteinte de ses objectifs. Cette qualit\u00e9 est octroy\u00e9e \u00e0 toute personne par le Conseil d\u2019Administration (CA).<\/li>\n<\/ul>\n","protected":false},"excerpt":{"rendered":"<p>ORGANISATION INSTITUTIONNELLE DE LA FASPB \u2022&nbsp;&nbsp;&nbsp;&nbsp;&nbsp;&nbsp;&nbsp;&nbsp;&nbsp;&nbsp; Assembl\u00e9e G\u00e9n\u00e9rale de la FASPB \u2022&nbsp;&nbsp;&nbsp;&nbsp;&nbsp;&nbsp;&nbsp;&nbsp;&nbsp;&nbsp; Conseil d\u2019Administration (CA) de la FASPB \u2022&nbsp;&nbsp;&nbsp;&nbsp;&nbsp;&nbsp;&nbsp;&nbsp;&nbsp;&nbsp; Secr\u00e9tariat<\/p>\n","protected":false},"author":1,"featured_media":0,"parent":0,"menu_order":0,"comment_status":"closed","ping_status":"closed","template":"","meta":{"colormag_page_layout":"default_layout","om_disable_all_campaigns":false,"_eb_attr":"","footnotes":""},"class_list":["post-28","page","type-page","status-publish","hentry"],"aioseo_notices":[],"_links":{"self":[{"href":"https:\/\/faspb.com\/index.php\/wp-json\/wp\/v2\/pages\/28","targetHints":{"allow":["GET"]}}],"collection":[{"href":"https:\/\/faspb.com\/index.php\/wp-json\/wp\/v2\/pages"}],"about":[{"href":"https:\/\/faspb.com\/index.php\/wp-json\/wp\/v2\/types\/page"}],"author":[{"embeddable":true,"href":"https:\/\/faspb.com\/index.php\/wp-json\/wp\/v2\/users\/1"}],"replies":[{"embeddable":true,"href":"https:\/\/faspb.com\/index.php\/wp-json\/wp\/v2\/comments?post=28"}],"version-history":[{"count":3,"href":"https:\/\/faspb.com\/index.php\/wp-json\/wp\/v2\/pages\/28\/revisions"}],"predecessor-version":[{"id":143,"href":"https:\/\/faspb.com\/index.php\/wp-json\/wp\/v2\/pages\/28\/revisions\/143"}],"wp:attachment":[{"href":"https:\/\/faspb.com\/index.php\/wp-json\/wp\/v2\/media?parent=28"}],"curies":[{"name":"wp","href":"https:\/\/api.w.org\/{rel}","templated":true}]}}