{"id":25,"date":"2023-10-04T19:13:08","date_gmt":"2023-10-04T17:13:08","guid":{"rendered":"https:\/\/faspb.com\/?page_id=25"},"modified":"2023-10-11T19:08:05","modified_gmt":"2023-10-11T17:08:05","slug":"qui-sommes-nous","status":"publish","type":"page","link":"https:\/\/faspb.com\/index.php\/qui-sommes-nous\/","title":{"rendered":"QUI SOMMES NOUS"},"content":{"rendered":"\n<figure class=\"wp-block-image size-large\"><img fetchpriority=\"high\" decoding=\"async\" width=\"1024\" height=\"280\" src=\"http:\/\/faspb.com\/wp-content\/uploads\/2023\/10\/WhatsApp-Image-2023-10-02-at-20.39.21-1-1024x280.jpeg\" alt=\"\" class=\"wp-image-67\" srcset=\"https:\/\/faspb.com\/wp-content\/uploads\/2023\/10\/WhatsApp-Image-2023-10-02-at-20.39.21-1-1024x280.jpeg 1024w, https:\/\/faspb.com\/wp-content\/uploads\/2023\/10\/WhatsApp-Image-2023-10-02-at-20.39.21-1-300x82.jpeg 300w, https:\/\/faspb.com\/wp-content\/uploads\/2023\/10\/WhatsApp-Image-2023-10-02-at-20.39.21-1-768x210.jpeg 768w, https:\/\/faspb.com\/wp-content\/uploads\/2023\/10\/WhatsApp-Image-2023-10-02-at-20.39.21-1.jpeg 1080w\" sizes=\"(max-width: 1024px) 100vw, 1024px\" \/><\/figure>\n\n\n\n<p class=\"has-text-align-center has-black-color has-pale-cyan-blue-background-color has-text-color has-background has-medium-font-size\"><strong>Historique<\/strong><\/p>\n\n\n\n<p>La &#8220;F\u00e9d\u00e9ration des Acteurs du Secteur Priv\u00e9 de Sant\u00e9 du Burkina Faso&#8221;, en abr\u00e9g\u00e9e \u00ab FASPB \u00bb est une association sans but lucratif (ASBL), apolitique, et non confessionnelle dot\u00e9e de la personnalit\u00e9 juridique et de l\u2019autonomie financi\u00e8re cr\u00e9\u00e9e le 16 mars 2013 conform\u00e9ment aux dispositions de la loi N\u00b010-92\/ADP du 15 D\u00e9cembre 1992 portant libert\u00e9 d\u2019association. La FASPB est r\u00e9gie par les textes et les lois en vigueur notamment la loi N\u00b0064-2015\/CNT du 20 Octobre 2015 portant libert\u00e9 d\u2019association. Le champ d\u2019action de la FASPB est tout l\u2019\u00e9tendue du territoire national. Sa dur\u00e9e de vie est illimit\u00e9e sauf dissolution anticip\u00e9e.<\/p>\n\n\n\n<p>&#8211; Cr\u00e9ation de la FASPB le 16 Mars 2013 ;<\/p>\n\n\n\n<p>&#8211; R\u00e9c\u00e9piss\u00e9 1 N\u00b0 : 2014-1268\/MATS\/SG\/DGLP\/DOSOC du 22 Ao\u00fbt 2014 ;<\/p>\n\n\n\n<p>&#8211; R\u00e9c\u00e9piss\u00e9 2 N\u00b0 : N00000511201 du 18 Janvier 2019 ;<\/p>\n\n\n\n<p>&#8211; Publication dans le Journal Officiel du Burkina Faso N\u00b010 du 09 Mars 2019 page 618-<\/p>\n\n\n\n<p>619 ;<\/p>\n\n\n\n<p>&#8211; R\u00e9c\u00e9piss\u00e9 3 N\u00b0 : N5112 du 23 Janvier 2023 ;<\/p>\n\n\n\n<p>&#8211; Publication dans le Journal Officiel du Burkina Faso N\u00b08 du 23 F\u00e9vrier2023 page 691.<\/p>\n\n\n\n<p class=\"has-text-align-center has-black-color has-pale-cyan-blue-background-color has-text-color has-background has-medium-font-size\"><strong>Vision de la FASPB<\/strong><\/p>\n\n\n\n<p>Construire un secteur priv\u00e9 de sant\u00e9 grand, fort, fiable, innovant, transformationnel, efficace, efficient et durable.<\/p>\n\n\n\n<p class=\"has-text-align-center has-black-color has-pale-cyan-blue-background-color has-text-color has-background has-medium-font-size\"><strong>Mission de la FASPB<\/strong><\/p>\n\n\n\n<p>Contribuer au d\u00e9veloppement sanitaire et socio-\u00e9conomique du Burkina Faso, en se constituant l\u2019interlocuteur unique dans le secteur priv\u00e9 de la sant\u00e9, et en offrant des prestations de soins de qualit\u00e9, s\u00e9curis\u00e9 en mati\u00e8re de pr\u00e9vention, de soins curatifs et palliatifs, sous l\u2019angle du PPP et ce, dans la dynamique de la couverture sanitaire universelle.<\/p>\n\n\n\n<p><strong>Valeurs fondamentales de la FASPB<\/strong><\/p>\n\n\n\n<p>Bonne gouvernance, Transparence, Redevabilit\u00e9, Professionnalisme, Comp\u00e9tence\/Expertise, Qualit\u00e9, Coll\u00e9gialit\u00e9, Responsabilit\u00e9, Innovation, Compassion.<\/p>\n\n\n\n<p class=\"has-text-align-center has-black-color has-pale-cyan-blue-background-color has-text-color has-background has-medium-font-size\"><strong>Objectifs de la FASPB<\/strong><\/p>\n\n\n\n<p>L\u2019objectif g\u00e9n\u00e9ral est de promouvoir et d\u2019\u0153uvrer au d\u00e9veloppement du secteur priv\u00e9 de sant\u00e9 au Burkina Faso. Les objectifs sp\u00e9cifiques sont :<\/p>\n\n\n\n<p>&#8211; Promouvoir les int\u00e9r\u00eats mat\u00e9riels et moraux de ses membres dans le strict respect de la d\u00e9ontologie et de l\u2019\u00e9thique m\u00e9dicale ;<\/p>\n\n\n\n<p>&#8211; Entretenir l\u2019esprit de solidarit\u00e9, de confraternit\u00e9 et d\u2019entraide entre ses membres ;<\/p>\n\n\n\n<p class=\"has-text-align-center has-black-color has-pale-cyan-blue-background-color has-text-color has-background has-medium-font-size\"><strong>Les domaines d\u2019actions\/contributions<\/strong><\/p>\n\n\n\n<p>La FASPB incite et encourage ses membres \u00e0 renforcer leur r\u00f4le ou contribution dans les domaines ci-apr\u00e8s :<\/p>\n\n\n\n<ul class=\"wp-block-list\">\n<li><strong>Soins : Mise en \u0153uvre des programmes prioritaires et de certaines politiques de sant\u00e9 publique (SONU, gratuit\u00e9 des soins et PF, AMU\u2026) ;<\/strong><\/li>\n\n\n\n<li><strong>Gestion des \u00e9pid\u00e9mies (dengue en 2016, Covid-19 etc\u2026):<\/strong><\/li>\n\n\n\n<li><strong>Mises en observation\/Hospitalisations (disponibilit\u00e9 de lits) ;<\/strong><\/li>\n\n\n\n<li><strong>Lutte contre le VIH, le Sida et les IST ;<\/strong><\/li>\n\n\n\n<li><strong>Lutte contre la Tuberculose et la co\u00efnfection Tb\/VIH ;<\/strong><\/li>\n\n\n\n<li><strong>Lutte contre le paludisme ;<\/strong><\/li>\n\n\n\n<li><strong>Programme Elargi de Vaccination (PEV) ;<\/strong><\/li>\n\n\n\n<li><strong>Planification Familiale (PF) et la Sant\u00e9 Sexuelle et Reproductive (SSR) ;<\/strong><\/li>\n\n\n\n<li><strong>Nutrition ;<\/strong><\/li>\n\n\n\n<li><strong>R\u00e9actifs et \u00e9quipements m\u00e9dico-techniques ;<\/strong><\/li>\n\n\n\n<li><strong>Maintenance pr\u00e9ventive et curative ;<\/strong><\/li>\n\n\n\n<li><strong>Examens sp\u00e9cialis\u00e9s d\u2019aide au diagnostic et de suivi des laboratoires d\u2019analyses et des radiologies-imageries ;<\/strong><\/li>\n\n\n\n<li><strong>Transport m\u00e9dicalis\u00e9 des patients\/Evacuations sanitaires ;<\/strong><\/li>\n\n\n\n<li><strong>Production de ressources humaines en sant\u00e9 de qualit\u00e9 (RHS) : m\u00e9decins, param\u00e9dicaux avec les universit\u00e9s de m\u00e9decine\/pharmacie, instituts de sant\u00e9) ;<\/strong><\/li>\n\n\n\n<li><strong>P\u00f4les d\u2019excellence sanitaires (cardio, traumato, chirurgie etc.) ;<\/strong><\/li>\n\n\n\n<li><strong>Secteur pharmaceutique\/industrie pharmaceutique (produits de sant\u00e9 et consommables m\u00e9dicaux) ;<\/strong><\/li>\n\n\n\n<li><strong>Gestion mutualis\u00e9e des d\u00e9chets biom\u00e9dicaux (DBM) ;<\/strong><\/li>\n\n\n\n<li><strong>Recherche fondamentale et op\u00e9rationnelle<\/strong><\/li>\n<\/ul>\n\n\n\n<p class=\"has-text-align-center has-black-color has-pale-cyan-blue-background-color has-text-color has-background has-medium-font-size\"><strong>ORGANISATION<\/strong><\/p>\n\n\n\n<p>Les Instances et les organes de la FASPB sont :<\/p>\n\n\n\n<p>L\u2019Assembl\u00e9e G\u00e9n\u00e9rale (A.G),<\/p>\n\n\n\n<p>Le Conseil d\u2019Administration (CA),<\/p>\n\n\n\n<p>Les sections r\u00e9gionales,<\/p>\n\n\n\n<p>Les Commissions sp\u00e9cialis\u00e9es<\/p>\n\n\n\n<p>Le comit\u00e9 de contr\u00f4le ou commissariat au compte.<\/p>\n\n\n\n<p class=\"has-text-align-center has-black-color has-pale-cyan-blue-background-color has-text-color has-background has-medium-font-size\"><strong>Organe d\u2019administration et de gestion de la FASPB<\/strong><\/p>\n\n\n\n<p>La FASPB depuis le 17 d\u00e9cembre 2022 est dirig\u00e9e par un Conseil d\u2019Administration compos\u00e9 de :<\/p>\n\n\n\n<p>1. un Pr\u00e9sident : Dr Di\u00e9don Alain HIEN, APROCCLIB ;<\/p>\n\n\n\n<p>2. une Secr\u00e9taire G\u00e9n\u00e9ral : Mr Sibiry SOURABIE, AES-PSC ;<\/p>\n\n\n\n<p>3. une Tr\u00e9sori\u00e8re G\u00e9n\u00e9rale : Mme Esther SAWADOGO\/KAMBOU, APRCSP ;<\/p>\n\n\n\n<p>4. un Secr\u00e9taire \u00e0 l\u2019organisation, \u00e0 l\u2019information et \u00e0 la communication : Dr Idrissa<\/p>\n\n\n\n<p>KABORE association des \u00e9tablissements sanitaires priv\u00e9s de soins confessionnels islamiques ;<\/p>\n\n\n\n<p>5. une Secr\u00e9taire au genre et aux droits humains : Soeur Edwige BANDAOGO, ASPC ;<\/p>\n\n\n\n<p>6. une Secr\u00e9taire \u00e0 la formation continue : Dr Gloria Y BERGES\/DAMOALIGA, ASES.<\/p>\n\n\n\n<p>La FASPB dispose d\u2019un Secr\u00e9tariat Technique fonctionnel depuis le 01 Septembre 2022<\/p>\n\n\n\n<p class=\"has-text-align-center has-black-color has-pale-cyan-blue-background-color has-text-color has-background has-medium-font-size\"><strong>Les membres de la FASPB<\/strong><\/p>\n\n\n\n<p>Peut \u00eatre membre de la FASPB tout acteur du secteur priv\u00e9 de sant\u00e9, sans distinction de nationalit\u00e9, de race, de sexe, de religion qui en exprime le d\u00e9sir et s\u2019engage \u00e0 respecter les statuts et r\u00e8glement int\u00e9rieur de la F\u00e9d\u00e9ration.<\/p>\n\n\n\n<p>Les acteurs du secteur priv\u00e9 de sant\u00e9 sont :<\/p>\n\n\n\n<ul class=\"wp-block-list\">\n<li>Les acteurs de soins et de services,<\/li>\n\n\n\n<li>Les producteurs de ressources humaines de sant\u00e9,<\/li>\n\n\n\n<li>Les distributeurs de biens de sant\u00e9,<\/li>\n\n\n\n<li>Les maintenanciers biom\u00e9dicaux,<\/li>\n\n\n\n<li>Les communicateurs en sant\u00e9,<\/li>\n\n\n\n<li>Les financiers en sant\u00e9,<\/li>\n\n\n\n<li>Les logisticiens en sant\u00e9 organis\u00e9s et reconnus par les textes en vigueur au Burkina Faso.<\/li>\n<\/ul>\n\n\n\n<p>La FASPB comprend deux cat\u00e9gories de membres :<\/p>\n\n\n\n<p class=\"has-text-align-center has-black-color has-pale-cyan-blue-background-color has-text-color has-background has-medium-font-size\"><strong>Les membres actifs<\/strong><\/p>\n\n\n\n<ul class=\"wp-block-list\">\n<li>Les membres actifs sont ceux r\u00e9guli\u00e8rement admis, \u00e0 jour de leurs cotisations annuelles et qui s\u2019investissent quotidiennement dans la r\u00e9alisation des activit\u00e9s de la f\u00e9d\u00e9ration ;<\/li>\n<\/ul>\n\n\n\n<p class=\"has-text-align-center has-black-color has-pale-cyan-blue-background-color has-text-color has-background has-medium-font-size\"><strong>Les membres d\u2019honneur.<\/strong><\/p>\n\n\n\n<ul class=\"wp-block-list\">\n<li>Les membres d\u2019honneur sont toutes personnes physiques ou morales qui manifestent un int\u00e9r\u00eat particulier \u00e0 l\u2019association en contribuant moralement, mat\u00e9riellement et financi\u00e8rement \u00e0 l\u2019atteinte de ses objectifs. Cette qualit\u00e9 est octroy\u00e9e \u00e0 toute personne par le Conseil d\u2019Administration (CA).<\/li>\n<\/ul>\n\n\n\n<p class=\"has-text-align-center has-black-color has-pale-cyan-blue-background-color has-text-color has-background has-medium-font-size\"><strong>L\u2019adh\u00e9sion \u00e0 la FASPB<\/strong><\/p>\n\n\n\n<p>L\u2019adh\u00e9sion \u00e0 la FASPB est libre, volontaire et n\u2019est effective qu\u2019apr\u00e8s une inscription. Elle se fait sous forme individuelle ou sous forme associative. Les acteurs d\u2019un m\u00eame secteur d\u2019activit\u00e9 ou ayant le m\u00eame acte de naissance sont organis\u00e9s en association professionnelle reconnue par le MATDS.<\/p>\n\n\n\n<p>A ce jour la FASPB compte quatorze associations professionnelles membres qui sont :<\/p>\n\n\n\n<p><strong>1. association des promoteurs des cabinets m\u00e9dicaux, des cliniques et polycliniques priv\u00e9s du Burkina Faso (APROCCLIB),<\/strong><\/p>\n\n\n\n<p><strong>2. association professionnelle des pharmaciens du secteur priv\u00e9 du Burkina Faso (APROPHARM),<\/strong><\/p>\n\n\n\n<p><strong>3. association professionnelle des responsables de cabinets de soins priv\u00e9s param\u00e9dicaux (APRCSP),<\/strong><\/p>\n\n\n\n<p><strong>4. association Burkinab\u00e8 des sage-femmes du priv\u00e9 (ABSP),<\/strong><\/p>\n\n\n\n<p><strong>5. association professionnelle des chirurgiens-dentistes du priv\u00e9 du Burkina Faso (A.Pro.De.P\/BF),<\/strong><\/p>\n\n\n\n<p><strong>6. association des structures \u00e9vang\u00e9liques de sant\u00e9 du Burkina Faso (ASES\/BF),<\/strong><\/p>\n\n\n\n<p><strong>7. association des structures sanitaires priv\u00e9es catholiques du Burkina Faso (ASPC),<\/strong><\/p>\n\n\n\n<p><strong>8. association des \u00e9tablissements sanitaires priv\u00e9s de soins confessionnels islamiques,<\/strong><\/p>\n\n\n\n<p><strong>9. association des \u00e9tablissements sanitaires priv\u00e9s de soins communautaires (AES- PSC),<\/strong><\/p>\n\n\n\n<p><strong>10. association des \u00e9coles priv\u00e9es de sant\u00e9 (AEPS)<\/strong><\/p>\n\n\n\n<p><strong>11. union nationale des \u00e9coles priv\u00e9es de sant\u00e9 du Burkina Faso (UNEPSBF)<\/strong><\/p>\n\n\n\n<p><strong>12. association professionnelle \u00ab Groupe d\u2019\u00e9tablissements de pr\u00e9parations pharmaceutiques du Burkina Faso (G- PHARM- BF)<\/strong><\/p>\n\n\n\n<p><strong>13. association orthop\u00e9dique du Faso (AOF),<\/strong><\/p>\n\n\n\n<p><strong>14. union des distributeurs des biens et produits de sant\u00e9 (UDISAN).<\/strong><\/p>\n\n\n\n<div data-wp-interactive=\"core\/file\" class=\"wp-block-file\"><object data-wp-bind--hidden=\"!state.hasPdfPreview\" hidden class=\"wp-block-file__embed\" data=\"https:\/\/faspb.com\/wp-content\/uploads\/2023\/10\/Reglement-Interieur-bon-FASPB.pdf\" type=\"application\/pdf\" style=\"width:100%;height:600px\" aria-label=\"Embed of Reglement-Interieur-bon-FASPB.\"><\/object><a id=\"wp-block-file--media-445c8ebd-a665-41ee-bb46-d1585f7a417c\" href=\"https:\/\/faspb.com\/wp-content\/uploads\/2023\/10\/Reglement-Interieur-bon-FASPB.pdf\">Reglement-Interieur-bon-FASPB<\/a><a href=\"https:\/\/faspb.com\/wp-content\/uploads\/2023\/10\/Reglement-Interieur-bon-FASPB.pdf\" class=\"wp-block-file__button wp-element-button\" download aria-describedby=\"wp-block-file--media-445c8ebd-a665-41ee-bb46-d1585f7a417c\">T\u00e9l\u00e9charger<\/a><\/div>\n","protected":false},"excerpt":{"rendered":"<p>Historique La &#8220;F\u00e9d\u00e9ration des Acteurs du Secteur Priv\u00e9 de Sant\u00e9 du Burkina Faso&#8221;, en abr\u00e9g\u00e9e \u00ab FASPB \u00bb est une<\/p>\n","protected":false},"author":1,"featured_media":0,"parent":0,"menu_order":0,"comment_status":"closed","ping_status":"closed","template":"","meta":{"colormag_page_layout":"default_layout","om_disable_all_campaigns":false,"_eb_attr":"","footnotes":""},"class_list":["post-25","page","type-page","status-publish","hentry"],"aioseo_notices":[],"_links":{"self":[{"href":"https:\/\/faspb.com\/index.php\/wp-json\/wp\/v2\/pages\/25","targetHints":{"allow":["GET"]}}],"collection":[{"href":"https:\/\/faspb.com\/index.php\/wp-json\/wp\/v2\/pages"}],"about":[{"href":"https:\/\/faspb.com\/index.php\/wp-json\/wp\/v2\/types\/page"}],"author":[{"embeddable":true,"href":"https:\/\/faspb.com\/index.php\/wp-json\/wp\/v2\/users\/1"}],"replies":[{"embeddable":true,"href":"https:\/\/faspb.com\/index.php\/wp-json\/wp\/v2\/comments?post=25"}],"version-history":[{"count":4,"href":"https:\/\/faspb.com\/index.php\/wp-json\/wp\/v2\/pages\/25\/revisions"}],"predecessor-version":[{"id":237,"href":"https:\/\/faspb.com\/index.php\/wp-json\/wp\/v2\/pages\/25\/revisions\/237"}],"wp:attachment":[{"href":"https:\/\/faspb.com\/index.php\/wp-json\/wp\/v2\/media?parent=25"}],"curies":[{"name":"wp","href":"https:\/\/api.w.org\/{rel}","templated":true}]}}