{"id":109,"date":"2023-10-04T23:03:08","date_gmt":"2023-10-04T21:03:08","guid":{"rendered":"https:\/\/faspb.com\/?page_id=109"},"modified":"2023-10-08T14:01:42","modified_gmt":"2023-10-08T12:01:42","slug":"projets","status":"publish","type":"page","link":"https:\/\/faspb.com\/index.php\/projets\/","title":{"rendered":"PROJETS"},"content":{"rendered":"\n<p class=\"has-text-align-center has-medium-font-size\"><strong>Age, sexe et dur\u00e9e d\u2019hospitalisation :<\/strong><\/p>\n\n\n\n<ul class=\"wp-block-list\">\n<li>Les malades atteints de dengue hospitalis\u00e9s \u00e9taient au nombre de <strong>1016<\/strong>.<\/li>\n\n\n\n<li>L\u2019\u00e2ge m\u00e9dian \u00e9tait de <strong>40 ans <\/strong>IQR (10-40).<\/li>\n\n\n\n<li>Les hommes repr\u00e9sentaient <strong>50,30%<\/strong> des hospitalis\u00e9s contre <strong>49,70%<\/strong> pour les femmes.<\/li>\n\n\n\n<li>La dur\u00e9e moyenne de l\u2019hospitalisation \u00e9tait de <strong>2,92 \u00b1 1,89 jours<\/strong>.<\/li>\n<\/ul>\n\n\n\n<p class=\"has-text-align-center has-medium-font-size\"><strong>Profession: <\/strong>Les salari\u00e9s repr\u00e9sentaient <strong>36,44%<\/strong> des hospitalis\u00e9s.<\/p>\n\n\n\n<figure class=\"wp-block-image size-full is-resized\"><img fetchpriority=\"high\" decoding=\"async\" src=\"https:\/\/faspb.com\/wp-content\/uploads\/2023\/10\/1.png\" alt=\"\" class=\"wp-image-138\" style=\"width:758px;height:456px\" width=\"758\" height=\"456\" srcset=\"https:\/\/faspb.com\/wp-content\/uploads\/2023\/10\/1.png 752w, https:\/\/faspb.com\/wp-content\/uploads\/2023\/10\/1-300x180.png 300w\" sizes=\"(max-width: 758px) 100vw, 758px\" \/><\/figure>\n\n\n\n<p><strong>ATCD: <\/strong>pathologiques connus et notifi\u00e9s dans le dossier m\u00e9dical&nbsp; repr\u00e9sentaient <strong>21,55%<\/strong> (219\/116)<\/p>\n\n\n\n<figure class=\"wp-block-image size-full\"><img decoding=\"async\" width=\"795\" height=\"452\" src=\"https:\/\/faspb.com\/wp-content\/uploads\/2023\/10\/2.png\" alt=\"\" class=\"wp-image-139\" srcset=\"https:\/\/faspb.com\/wp-content\/uploads\/2023\/10\/2.png 795w, https:\/\/faspb.com\/wp-content\/uploads\/2023\/10\/2-300x171.png 300w, https:\/\/faspb.com\/wp-content\/uploads\/2023\/10\/2-768x437.png 768w\" sizes=\"(max-width: 795px) 100vw, 795px\" \/><\/figure>\n\n\n\n<ul class=\"wp-block-list\">\n<li><strong>Traitements ant\u00e9rieurs<\/strong><\/li>\n<\/ul>\n\n\n\n<p>M\u00e9dication \u00e0 base d\u2019antipaludique et\/ou d\u2019antibiotique et&nbsp;d\u2019anti inflammatoire avant leur admission dans les FS et notifi\u00e9 dans le dossier d\u2019hospitalisation <strong>37,60%<\/strong> des cas dont <strong>17,02%<\/strong> d\u2019auto m\u00e9dication<\/p>\n\n\n\n<ul class=\"wp-block-list\">\n<li class=\"has-medium-font-size\"><strong>Pathologies associ\u00e9es ou la comorbidit\u00e9<\/strong><\/li>\n<\/ul>\n\n\n\n<p><strong>21%<\/strong> paludisme, <strong>9,1%<\/strong> salmonellose, <strong>2,16%<\/strong> infection pulmonaire et <strong>0,88%<\/strong> autres pathologies (valvulopathie, \u00e9pilepsie, sinusite etc.)<\/p>\n\n\n\n<ul class=\"wp-block-list\">\n<li class=\"has-medium-font-size\"><strong>Complications survenues au cours de l\u2019hospitalisation<\/strong><\/li>\n<\/ul>\n\n\n\n<p><strong>9,15%<\/strong> des patients hospitalis\u00e9s. Les principales complications \u00e9taient&nbsp;:<\/p>\n\n\n\n<ul class=\"wp-block-list\">\n<li>Cardio-vasculaire <strong>22,58%<\/strong> &nbsp;;<\/li>\n\n\n\n<li>Epanchement pleural <strong>21,5%<\/strong>,<\/li>\n\n\n\n<li>Insuffisance h\u00e9patocellulaire <strong>9,67%<\/strong> &nbsp;;<\/li>\n\n\n\n<li>Neurologies <strong>6,80%<\/strong> &nbsp;;<\/li>\n\n\n\n<li>R\u00e9nales <strong>2,15%<\/strong>.<\/li>\n<\/ul>\n\n\n\n<ul class=\"wp-block-list\">\n<li><strong>Evolution de la maladie<\/strong><\/li>\n\n\n\n<li>Parmi les patients hospitalis\u00e9s pour dengue : <strong>93,40%<\/strong> (949\/1016) sont gu\u00e9ris&nbsp;;<\/li>\n\n\n\n<li><strong>3,64%<\/strong> (37\/10161) ont \u00e9t\u00e9 r\u00e9f\u00e9r\u00e9s au CHUYO ou au CHUBC,<\/li>\n\n\n\n<li><strong>3,24%<\/strong> (33\/1016) ont sign\u00e9s une d\u00e9charge afin de quitter la clinique ou la polyclinique contre avis m\u00e9dical&nbsp;;<\/li>\n\n\n\n<li><strong>0,59%<\/strong> (6\/1016) se sont \u00e9vad\u00e9s<\/li>\n\n\n\n<li>&nbsp;<strong>3 d\u00e9c\u00e8s soit une l\u00e9talit\u00e9 de 0,2%<\/strong>.&nbsp;&nbsp;<\/li>\n<\/ul>\n","protected":false},"excerpt":{"rendered":"<p>Age, sexe et dur\u00e9e d\u2019hospitalisation : Profession: Les salari\u00e9s repr\u00e9sentaient 36,44% des hospitalis\u00e9s. ATCD: pathologiques connus et notifi\u00e9s dans le<\/p>\n","protected":false},"author":1,"featured_media":0,"parent":0,"menu_order":0,"comment_status":"closed","ping_status":"closed","template":"","meta":{"colormag_page_layout":"default_layout","om_disable_all_campaigns":false,"_eb_attr":"","footnotes":""},"class_list":["post-109","page","type-page","status-publish","hentry"],"aioseo_notices":[],"_links":{"self":[{"href":"https:\/\/faspb.com\/index.php\/wp-json\/wp\/v2\/pages\/109","targetHints":{"allow":["GET"]}}],"collection":[{"href":"https:\/\/faspb.com\/index.php\/wp-json\/wp\/v2\/pages"}],"about":[{"href":"https:\/\/faspb.com\/index.php\/wp-json\/wp\/v2\/types\/page"}],"author":[{"embeddable":true,"href":"https:\/\/faspb.com\/index.php\/wp-json\/wp\/v2\/users\/1"}],"replies":[{"embeddable":true,"href":"https:\/\/faspb.com\/index.php\/wp-json\/wp\/v2\/comments?post=109"}],"version-history":[{"count":5,"href":"https:\/\/faspb.com\/index.php\/wp-json\/wp\/v2\/pages\/109\/revisions"}],"predecessor-version":[{"id":154,"href":"https:\/\/faspb.com\/index.php\/wp-json\/wp\/v2\/pages\/109\/revisions\/154"}],"wp:attachment":[{"href":"https:\/\/faspb.com\/index.php\/wp-json\/wp\/v2\/media?parent=109"}],"curies":[{"name":"wp","href":"https:\/\/api.w.org\/{rel}","templated":true}]}}